{"id":380,"date":"2024-02-20T11:28:09","date_gmt":"2024-02-20T11:28:09","guid":{"rendered":"https:\/\/www.duklapalac.pl\/lowisko\/?page_id=380"},"modified":"2024-03-21T22:55:12","modified_gmt":"2024-03-21T21:55:12","slug":"regulamin","status":"publish","type":"page","link":"https:\/\/www.duklapalac.pl\/lowisko\/regulamin\/","title":{"rendered":"Regulamin \u0141owisko"},"content":{"rendered":"\n\t<section class=\"section\" id=\"section_1424725588\">\n\t\t<div class=\"bg section-bg fill bg-fill  bg-loaded\" >\n\n\t\t\t\n\t\t\t\n\t\t\t\n\n\t\t<\/div>\n\n\t\t\n\n\t\t<div class=\"section-content relative\">\n\t\t\t\n\n\t<div id=\"gap-500580367\" class=\"gap-element clearfix\" style=\"display:block; height:auto;\">\n\t\t\n<style>\n#gap-500580367 {\n  padding-top: 30px;\n}\n<\/style>\n\t<\/div>\n\t\n\n<div class=\"row\"  id=\"row-243107441\">\n\n\n\t<div id=\"col-1094021547\" class=\"col medium-4 small-12 large-4\"  >\n\t\t\t\t<div class=\"col-inner\"  >\n\t\t\t\n\t\t\t\n\n\t<div id=\"text-828741530\" class=\"text\">\n\t\t\n\n<h2>Regulamin \u0141owiska &#8211; No Kill: <span class=\"s1\">Z\u0142\u00f3w i Wypu\u015b\u0107<\/span><\/h2>\n\t\t\n<style>\n#text-828741530 {\n  font-size: 1.75rem;\n}\n<\/style>\n\t<\/div>\n\t\n\n\t\t<\/div>\n\t\t\t\t\t<\/div>\n\n\t\n\n\t<div id=\"col-1128856827\" class=\"col medium-8 small-12 large-8\"  >\n\t\t\t\t<div class=\"col-inner\"  >\n\t\t\t\n\t\t\t\n\n<ol>\n<li>Przed wej\u015bciem do \u0142owiska nale\u017cy wykupi\u0107 pozwolenie na w\u0119dkowanie na stronie <strong>www.duklapalac.pl. <\/strong>N<span class=\"s1\">ale\u017cy obowi\u0105zkowo zapozna\u0107 si\u0119 z regulaminem \u0142owiska.<\/span> Bez pozwolenia ca\u0142kowity zakaz po\u0142owu ryb.<\/li>\n<li><span class=\"s1\">Wst\u0119p na \u0142owisko jest r\u00f3wnoznaczny z akceptacj\u0105 niniejszego regulaminu oraz cennika. Osoby, kt\u00f3re narusz\u0105 obowi\u0105zuj\u0105ce na terenie \u0142owiska zasady zobowi\u0105zane b\u0119d\u0105 do natychmiastowego opuszczenia \u0142owiska i mog\u0105 by\u0107 pozbawione prawa ponownego wst\u0119pu.<\/span><\/li>\n<li>Na terenie \u0142owiska b\u0119d\u0105 przeprowadzane regularne kontrole, bez wa\u017cnego pozwolenia na \u0142owienia ryb pobierana jest op\u0142ata w wysoko\u015bci <strong>500 z\u0142<\/strong><\/li>\n<li>Na \u0142owisku obowi\u0105zuje zasada &#8222;<strong>No Kill&#8221;<\/strong> (<span class=\"s1\">&#8222;<strong>Z\u0142\u00f3w i Wypu\u015b\u0107<\/strong>&#8222;<\/span>). B<span class=\"s1\">ezwzgl\u0119dny zakaz zabierania z\u0142owionych ryb.<\/span><\/li>\n<li>Zakaz w\u0119dkowania podczas silnych wiatr\u00f3w i burz ze wzgl\u0119du na spadaj\u0105ce ga\u0142\u0119zie.<\/li>\n<li><span class=\"s1\">Dzieci i m\u0142odzie\u017c do lat 14 mog\u0105 przebywa\u0107 na terenie \u0142owiska wy\u0142\u0105cznie pod opieka os\u00f3b pe\u0142noletnich, kt\u00f3re w pelni ponosza za nich odpowiedzialno\u015b\u0107.<\/span><\/li>\n<li>Stawy rybne nie prowadz\u0105 sprzeda\u017cy z\u0142owionych ryb.<\/li>\n<li><span class=\"s1\">Dozwolone jest \u0142owienie na 2 w\u0119dki sp\u0142awikowe lub gruntowe. (P<\/span>olecamy \u0142owi\u0107 na sp\u0142awik.)<\/li>\n<li><strong>Obowi\u0105zuj\u0105 haki bezzadziorowe.<\/strong><\/li>\n<li>Zakaz przetrzymywania z\u0142owionych ryb w siatkach w\u0119dkarskich oraz w workach karpiowych.<\/li>\n<li>Ka\u017cda z\u0142owiona ryba musi by\u0107 niezw\u0142ocznie wypuszczona do \u0142owiska.<\/li>\n<li>Obowi\u0105zek u\u017cywania mat w\u0119dkarskich do odhaczania z\u0142owionych ryb<\/li>\n<li>Obowi\u0105zuje ca\u0142kowity zakaz \u0142owienia metod\u0105 na spining.<\/li>\n<li>W\u0119dkuj\u0105ce osoby proszone s\u0105 o zachowanie ciszy.<\/li>\n<li>Ka\u017cdy \u0142owi\u0105cy karpie i amury obowi\u0105zany jest posiada\u0107 mat\u0119 karpiow\u0105, <span class=\"s1\">\u015brodek do dezynfekcji ran,<\/span> worek do przechowywania ryb oraz podbierak o rozpi\u0119to\u015bci ramion minimum 80 cm.<\/li>\n<li>Podczas robienia zdj\u0119\u0107 ryba musi si\u0119 znajdowa\u0107 nad mat\u0105 lub wod\u0105.<\/li>\n<li>Na terenie \u0142owiska obowi\u0105zuje: zakaz palenia ognisk, zakaz k\u0105pieli, <span class=\"s1\">za\u015bmiecania terenu (\u015bmieci zabieramy ze sob\u0105), niszczenia ro\u015blinno\u015bci, g\u0142o\u015bnego zachowania, picia alkoholu.Osoby pod wp\u0142ywem alkoholu nie b\u0119d\u0105 wpuszczane na teren \u0142owiska!<\/span><\/li>\n<li>Gospodarz \u0142owiska zastrzega sobie prawo do kontroli baga\u017cy w\u0119dkarzy opuszczaj\u0105cych \u0142owisko.<\/li>\n<li>Osobie, kt\u00f3ra dopu\u015bci si\u0119 kradzie\u017cy ryby naliczona zostanie kara w wysoko\u015bci <strong>1000 z\u0142<\/strong> za ka\u017cdy kilogram ryby. Osoby, kt\u00f3re dopuszcz\u0105 si\u0119 kradzie\u017cy ryb lub niszczenia wyposa\u017cenia \u0142owiska podlega\u0107 b\u0119d\u0105 konsekwencjom karnym.<\/li>\n<li>Osoba dopuszczaj\u0105ca si\u0119 kradzie\u017cy zobowi\u0105zana jest do natychmiastowego opuszczenia \u0142owiska. R\u00f3wnocze\u015bnie osob\u0119 tak\u0105 obowi\u0105zuje w przysz\u0142o\u015bci ca\u0142kowity zakaz wst\u0119pu na \u0142owisko.<\/li>\n<li>Wszystkie przypadki kradzie\u017cy ryb, k\u0142usownictwa na \u0142owisku, kradzie\u017cy mienia lub jego niszczenia zg\u0142aszane b\u0119d\u0105 do organ\u00f3w \u015bcigania. Szkody wyrz\u0105dzone w\u0142a\u015bcicielowi w wyniku takiego post\u0119powania dochodzone b\u0119d\u0105 w post\u0119powaniu cywilnym przed s\u0105dem.<\/li>\n<li><span class=\"s1\">Przed wej\u015bciem na \u0142owisko, nale\u017cy obowi\u0105zkowo zapozna\u0107 si\u0119 z regulaminem \u0142owiska. <\/span><\/li>\n<li>Osoby\u00a0nie przestrzegaj\u0105ce\u00a0regulaminu obowi\u0105zywa\u0107 b\u0119dzie zakaz wst\u0119pu na \u0142owisko.<\/li>\n<li>W\u0142a\u015bciciel \u0142owiska nie ponosi odpowiedzialno\u015bci za wypadki losowe i pozostawione mienie na \u0142owisku.<\/li>\n<\/ol>\n<p class=\"p1\">\u00a0<\/p>\n\n\t\t<\/div>\n\t\t\t\t\t<\/div>\n\n\t\n\n<\/div>\n\n\t\t<\/div>\n\n\t\t\n<style>\n#section_1424725588 {\n  padding-top: 30px;\n  padding-bottom: 30px;\n}\n<\/style>\n\t<\/section>\n\t\n\n","protected":false},"excerpt":{"rendered":"","protected":false},"author":1,"featured_media":0,"parent":0,"menu_order":0,"comment_status":"closed","ping_status":"closed","template":"","meta":{"footnotes":""},"class_list":["post-380","page","type-page","status-publish","hentry"],"jetpack_sharing_enabled":true,"_links":{"self":[{"href":"https:\/\/www.duklapalac.pl\/lowisko\/wp-json\/wp\/v2\/pages\/380","targetHints":{"allow":["GET"]}}],"collection":[{"href":"https:\/\/www.duklapalac.pl\/lowisko\/wp-json\/wp\/v2\/pages"}],"about":[{"href":"https:\/\/www.duklapalac.pl\/lowisko\/wp-json\/wp\/v2\/types\/page"}],"author":[{"embeddable":true,"href":"https:\/\/www.duklapalac.pl\/lowisko\/wp-json\/wp\/v2\/users\/1"}],"replies":[{"embeddable":true,"href":"https:\/\/www.duklapalac.pl\/lowisko\/wp-json\/wp\/v2\/comments?post=380"}],"version-history":[{"count":20,"href":"https:\/\/www.duklapalac.pl\/lowisko\/wp-json\/wp\/v2\/pages\/380\/revisions"}],"predecessor-version":[{"id":529,"href":"https:\/\/www.duklapalac.pl\/lowisko\/wp-json\/wp\/v2\/pages\/380\/revisions\/529"}],"wp:attachment":[{"href":"https:\/\/www.duklapalac.pl\/lowisko\/wp-json\/wp\/v2\/media?parent=380"}],"curies":[{"name":"wp","href":"https:\/\/api.w.org\/{rel}","templated":true}]}}