{"id":422,"date":"2024-02-26T12:35:13","date_gmt":"2024-02-26T12:35:13","guid":{"rendered":"https:\/\/www.duklapalac.pl\/lowisko\/?page_id=422"},"modified":"2024-02-27T00:55:33","modified_gmt":"2024-02-26T23:55:33","slug":"regulamin-sprzedazy","status":"publish","type":"page","link":"https:\/\/www.duklapalac.pl\/lowisko\/regulamin-sprzedazy\/","title":{"rendered":"REGULAMIN SPRZEDA\u017bY POZWOLENIA ONLINE"},"content":{"rendered":"\n<p style=\"font-weight: 400;\">\u00a0<\/p>\n<h1 style=\"font-weight: 400;\"><strong>REGULAMIN SPRZEDA\u017bY POZWOLENIE NA LOWENIA RYB ONLINE W LOWISKO PA\u0141AC W DUKLI<\/strong><\/h1>\n<p style=\"font-weight: 400;\"><strong>I. Niniejszy Regulamin Zakupu Pozwolenie ONLINE \u0141owisko Trzy Stawy \u2013 Pa\u0142ac w Dukli (dalej: Regulamin) obowi\u0105zuje od dnia 1 stycznia 2024 r.<\/strong><\/p>\n<ol>\n<li style=\"font-weight: 400;\">Og\u00f3lne warunki zakupu pozwolenie na \u0142owienie ryb na teren Trzy Stawy \u2013 Pa\u0142ac w Dukli<\/li>\n<li>Na potrzeby obowi\u0105zywania niniejszego Regulaminu, okre\u015bla si\u0119 nast\u0119puj\u0105ce poj\u0119cia:<br \/><strong>Trzy Stawy \u2013 Pa\u0142ac w Dukli <\/strong>\u2013 \u0141owisko oraz strefa rekreacyjna przylegaj\u0105ca do \u0141owisko , nale\u017c\u0105cego do Pa\u0142ac w Dukli;<br \/>b.\u00a0<strong>U\u017cytkownik<\/strong>\u00a0\u2013 osoba zainteresowana kupnem pozwolenie na \u0141owienia Ryb \u00a0na teren Pa\u0142ac w Dukli \u00a0za po\u015brednictwem elektronicznego Systemu zakupu bilet\u00f3w wst\u0119pu;<br \/>c.<strong>\u00a0System<\/strong>\u00a0\u2013 elektroniczny system zakupu bilet\u00f3w wst\u0119pu;<br \/>d.\u00a0<strong>Platforma<\/strong>\u00a0\u2013 us\u0142uga umo\u017cliwiaj\u0105ca funkcjonowanie Systemu oraz innych us\u0142ug online wykorzystywanych na potrzeby sprzeda\u017cy pozwolenie za po\u015brednictwem sieci Internet;<br \/>e.\u00a0<strong>Sprzedawca<\/strong>\u00a0\u2013 podmiot prowadz\u0105cy sprzeda\u017c pozwolenia \u00a0na \u0141owisko Pa\u0142ac w Dukli;<br \/>f.\u00a0<strong>Regulamin<\/strong>\u00a0\u2013 Regulamin Zakupu Pozwolenie online \u0141owisko Pa\u0142ac w Dukli<\/li>\n<li style=\"font-weight: 400;\"><strong>Kasa<\/strong>\u2013 punkt sprzeda\u017cy Pozwolenie \u0142owienia po\u0142o\u017cony przy wej\u015bciu na \u0142owisko Pa\u0142ac w Dukli;<br \/>h.\u00a0<strong>Pozwolenia<\/strong>\u00a0\u2013 pozwolenie na \u0142owienia w \u0141owisko Pa\u0142ac w Dukli ca\u0142odzienny, mo\u017cliwy do zakupu za po\u015brednictwem Systemu; na pozwolenia wst\u0119pu znajduje si\u0119 numer pozwolenia.<\/li>\n<li>Regulamin ma zastosowanie do zakupu pozwolenia na \u0142owienia ryb na teren Pa\u0142ac W Dukli. Skierowany jest do wszystkich os\u00f3b zamierzaj\u0105cych dokona\u0107 zakupu pozwolenia \u0142owienia na teren Pa\u0142ac w Dukli za po\u015brednictwem sieci Internet.<\/li>\n<li>Sprzedawc\u0105 pozwolenia \u0142owienia na teren Pa\u0142ac w Dukli jest Micha\u0142 Tarnowski M\u0119ci\u0144ski w\u0142a\u015bciciel Pa\u0142ac w Dukli Trakt W\u0119gierski 5, 38-450 Dukla (dalej: Sprzedawca).<\/li>\n<li>Przed zawarciem umowy kupna pozwolenia na \u0142owienia ryb w na teren Pa\u0142ac w Dukli, ka\u017cdy U\u017cytkownik zobowi\u0105zany jest do zapoznania si\u0119 i zaakceptowania niniejszego Regulaminu. Niezaakceptowanie Regulaminu uniemo\u017cliwia zawarcie umowy kupna Pozwolenia. Zakup pozwolenia za po\u015brednictwem Systemu oznacza akceptacj\u0119 postanowie\u0144 Regulaminu. Zakup pozwolenia wst\u0119pu za po\u015brednictwem Systemu oznacza r\u00f3wnie\u017c akceptacj\u0119 Regulaminu obiektu dost\u0119pnego pod adresem: <a href=\"https:\/\/www.duklapalac.pl\/lowisko\/regulamin\/\">https:\/\/www.duklapalac.pl\/lowisko\/regulamin\/<\/a><\/li>\n<li>Ceny pozwolenia \u0142owienia na teren Pa\u0142ac w Dukli zosta\u0142y okre\u015blone w Cenniku opublikowanym na stronie internetowej \u0141owisko Pa\u0142ac w Dukli P pod adresem:\u00a0<a href=\"https:\/\/www.duklapalac.pl\/lowisko\/\">https:\/\/www.duklapalac.pl\/lowisko\/<\/a> \u00a0Ceny podane w Cenniku zawieraj\u0105 podatek VAT w stawce okre\u015blonej przepisami prawa. Za po\u015brednictwem Systemu mo\u017cliwe jest dokonanie zakupu pozwolenia ca\u0142odziennych.<\/li>\n<li>System obs\u0142ugiwany jest przez Blue Media A. z siedzib\u0105 w Sopocie, 81-718 Sopot, ul. Powsta\u0144c\u00f3w Warszawy 6, wpisan\u0105 do Rejestru Przedsi\u0119biorc\u00f3w Krajowego Rejestru S\u0105dowego prowadzonego przez S\u0105d Rejonowy Gda\u0144sk-P\u00f3\u0142noc w Gda\u0144sku, Wydzia\u0142 VIII Gospodarczy Krajowego Rejestru S\u0105dowego pod numerem KRS: 0000320590, NIP 585-13-51-185.<\/li>\n<li>Platforma obs\u0142ugiwana jest przez Woocommerce. https:\/\/woo.com\/ \u00a0<\/li>\n<li>P\u0142atno\u015b\u0107 za pozwolenia na \u0142owenia na teren Pa\u0142ac w Dukli \u00a0mo\u017cliwa jest za po\u015brednictwem kart p\u0142atniczych: Visa, MasterCard, przelew\u00f3w online, pay by link, Apple Pay, Google Pay, szybkich przelew\u00f3w oraz za po\u015brednictwem BLIK. Sprzedawca nie ponosi odpowiedzialno\u015bci za problemy lub nieprawid\u0142owo\u015bci zwi\u0105zane z funkcjonowaniem powy\u017cszych sposob\u00f3w p\u0142atno\u015bci.<\/li>\n<li>W przypadku p\u0142atno\u015bci kart\u0105 termin realizacji liczy si\u0119 od momentu pozytywnej autoryzacji. W przypadku wyst\u0105pienia konieczno\u015bci zwrotu \u015brodk\u00f3w za transakcj\u0119 dokonan\u0105 przez klienta kart\u0105 p\u0142atnicz\u0105 Sprzedawca dokona zwrotu na rachunek bankowy przypisany do karty p\u0142atniczej U\u017cytkownika.<\/li>\n<li>Sprzedawca nie ponosi odpowiedzialno\u015bci za wadliwe lub nieprawid\u0142owe funkcjonowanie Systemu obs\u0142ugiwanego przez Blue Media S.A. z siedzib\u0105 w Sopocie lub Platformy obs\u0142ugiwanej przez Base System Sp\u00f3\u0142ka z ograniczon\u0105 odpowiedzialno\u015bci\u0105 Sp\u00f3\u0142ka komandytowa z siedzib\u0105 w Woli Filipowskiej.<\/li>\n<li>Aby zakupi\u0107 pozwolenia na \u0142owienia ryb na teren Pa\u0142ac w Dukli za po\u015brednictwem Systemu niezb\u0119dne jest spe\u0142nienie nast\u0119puj\u0105cych warunk\u00f3w technicznych:\n<ul>\n<li>\u2013\u00a0dost\u0119p do Internetu,<\/li>\n<li>\u2013\u00a0korzystanie z dowolnej przegl\u0105darki internetowej,<\/li>\n<li>\u2013 korzystanie z urz\u0105dzenia umo\u017cliwiaj\u0105cego dokonanie wydruku.<\/li>\n<\/ul>\n<\/li>\n<\/ol>\n<p><strong>II. Postanowienia szczeg\u00f3\u0142owe dot. zakupu pozwolenie \u0142owienia ryb na teren \u0141owisko Trzy Stawy Pa\u0142ac w Dukli<\/strong><\/p>\n<ol>\n<li>Aby dokona\u0107 zakupu pozwolenia na teren Pa\u0142ac w Dukli konieczne jest dokonanie nast\u0119puj\u0105cych czynno\u015bci:<br \/>wyb\u00f3r rodzaju pozwolenia na \u0142owienia, kt\u00f3re zamierza kupi\u0107 U\u017cytkownik oraz ich ilo\u015bci poprzez wci\u015bni\u0119cie przy wybranym wariancie przycisku \u201e+\u201d. Ilo\u015b\u0107 wybranych bilet\u00f3w mo\u017cna korygowa\u0107 poprzez wci\u015bni\u0119cie przycisku \u201e-\u201e przy wybranym wariancie;<br \/>b. dokonuj\u0105c wyboru pozwolenia na \u0142owienia \u2013 Pozwolenie wa\u017cne w dniu zakupu pozwolenia;<br \/>c. po zatwierdzeniu rodzaju i ilo\u015bci wybranych Pozwolenie \u00a0zostan\u0105 one dodane do Koszyka, umo\u017cliwiaj\u0105c przyst\u0105pienie do p\u0142atno\u015bci;<br \/>d. przyst\u0105pienie do p\u0142atno\u015bci nast\u0119puje po wci\u015bni\u0119ciu przycisku \u201eKupuj\u0119 i P\u0142ac\u0119\u201d;<br \/>e. w celu zrealizowania zam\u00f3wienia U\u017cytkownik zobowi\u0105zany b\u0119dzie do podania adresu e- mail, imienia i nazwiska, potwierdzi\u0107 akceptacj\u0119 Regulaminu oraz wybra\u0107 opcj\u0119 \u201ePrzejd\u017a do p\u0142atno\u015bci\u201d; wykonanie tego kroku wi\u0105\u017ce si\u0119 z powstaniem obowi\u0105zku p\u0142atno\u015bci za wybrane bilety;<br \/>f. po dokonaniu p\u0142atno\u015bci i jej zaksi\u0119gowaniu, U\u017cytkownik otrzyma zakupiony Pozwolenie \u00a0w wiadomo\u015bci e-mail wys\u0142anej na wskazany przez U\u017cytkownika adres e-mail; bilet wst\u0119pu przes\u0142any zostanie w formie elektronicznej, w pliku PDF; bilet nale\u017cy wydrukowa\u0107.<\/li>\n<li>Dokonanie czynno\u015bci okre\u015blonych w punkcie 1 powy\u017cej (z wyj\u0105tkiem wydruku biletu) powinno zosta\u0107 dokonane w czasie 15 minut. Je\u017celi U\u017cytkownik nie przyst\u0105pi do p\u0142atno\u015bci w czasie 15 minut od rozpocz\u0119cia procedury zakupu bilet\u00f3w wst\u0119pu za po\u015brednictwem Systemu, wybrane bilety zostan\u0105 automatycznie usuni\u0119te z Koszyka. W przypadku przerwania przez U\u017cytkownika procesu zakupu bilet\u00f3w za po\u015brednictwem Systemu lub w razie odmowy przyj\u0119cia p\u0142atno\u015bci przez System, transakcja zostanie przerwana i anulowana.<\/li>\n<li>W celu zakupu pozwolenia dla grup zorganizowanych niezb\u0119dny b\u0119dzie kontakt bezpo\u015brednio ze Sprzedawc\u0105 pod adresem e-mail:\u00a0<a href=\"mailto:duklapalace@gmail.com\">duklapalace@gmail.com<\/a><\/li>\n<li>Sprzedawca nie ponosi odpowiedzialno\u015bci za ewentualne nieprawid\u0142owo\u015bci dzia\u0142ania Systemu lub Platformy w razie podania przez U\u017cytkownika b\u0142\u0119dnych lub niepe\u0142nych danych. Podanie nieprawid\u0142owych danych uniemo\u017cliwi prawid\u0142owe przeprowadzenie transakcji zakupu bilet\u00f3w wst\u0119pu. W razie podania przez U\u017cytkownika b\u0142\u0119dnego adresu e-mail w czasie procedury zakupu bilet\u00f3w wst\u0119pu, U\u017cytkownik powinien wys\u0142a\u0107 wiadomo\u015b\u0107 e-mail na adres:\u00a0<a href=\"mailto:duklapalace@gmail.com\">duklapalace@gmail.com<\/a> ,podaj\u0105c swoje dane oraz dow\u00f3d zakupu pozwolenie (potwierdzenie p\u0142atno\u015bci), a tak\u017ce prawid\u0142owy adres e-mail w celu przes\u0142ania kupionych bilet\u00f3w wst\u0119pu.<\/li>\n<li>U\u017cytkownicy, kt\u00f3rzy dokonali zakupu ulgowych pozwolenia na \u0142owienia na teren Pa\u0142ac w Dukli, zobligowane b\u0119d\u0105 przed wej\u015bciem na teren \u0141owiska okaza\u0107 dokument po\u015bwiadczaj\u0105cy prawo do skorzystania z biletu ulgowego.<\/li>\n<li>Wej\u015bcie na teren \u0141owisko mo\u017cliwe b\u0119dzie wy\u0142\u0105cznie po okazaniu wydruku pozwolenia wst\u0119pu, na kt\u00f3rym znajduje si\u0119 numer pozwolenia, w terminie okre\u015blonym na bilecie wst\u0119pu. Po up\u0142ywie terminu wst\u0119pu na teren \u0141owisko, pozwolenie traci wa\u017cno\u015b\u0107. Potwierdzenia systemu p\u0142atno\u015bci otrzymywane automatycznie przez U\u017cytkownika w czasie procedury zakupu pozwolenia nie stanowi\u0105 biletu wst\u0119pu.<\/li>\n<li>W razie zakupienia przez U\u017cytkownika pozwolenia, dla kt\u00f3rych jest okre\u015blony dzie\u0144 \u015bwiadczenia us\u0142ugi (pozwolenia zakupiony na konkretn\u0105 dat\u0119) i kt\u00f3re dotycz\u0105 um\u00f3w o \u015bwiadczenie us\u0142ug w zakresie zakwaterowania, innych ni\u017c do cel\u00f3w mieszkalnych, przewozu rzeczy, najmu samochod\u00f3w, gastronomii, us\u0142ug zwi\u0105zanych z wypoczynkiem, wydarzeniami rozrywkowymi, sportowymi lub kulturalnymi, je\u017celi w umowie oznaczono dzie\u0144 lub okres \u015bwiadczenia us\u0142ugi, U\u017cytkownikowi nie przys\u0142uguje prawo do odst\u0105pienia od umowy zawartej na odleg\u0142o\u015b\u0107 i zwrotu pieni\u0119dzy, zgodnie z tre\u015bci\u0105 38 pkt 12 ustawy z dnia 30 maja 2014 r. o prawach konsumenta.<\/li>\n<li>Je\u017celi wzgl\u0119dem zakupionego przez U\u017cytkownika pozwolenia nie zosta\u0142y spe\u0142nione przes\u0142anki okre\u015blone w punkcie 7 powy\u017cej, a pozwolenia nie zosta\u0142 wykorzystany, U\u017cytkownikowi przys\u0142uguje prawo do odst\u0105pienia od zawartej umowy kupna pozwolenia na \u0142owienia ryb, bez podania przyczyn w ci\u0105gu 14 dni od dnia zakupu biletu wst\u0119pu. Chc\u0105c skorzysta\u0107 z powy\u017cszego uprawnienia, U\u017cytkownik powinien wys\u0142a\u0107 wiadomo\u015b\u0107 e-mail na adres e-mail\u00a0<a href=\"mailto:duklapalace@gmail.com\">duklapalace@gmail.com<\/a> W za\u0142\u0105czniku do wiadomo\u015bci e-mail U\u017cytkownik powinien przes\u0142a\u0107 zakupiony bilet wst\u0119pu, otrzymany na adres e-mail, a tak\u017ce poda\u0107 swoje Imi\u0119 i Nazwisko. Zwrot ceny za zakupiony pozwolenia wst\u0119pu dokonywany jest niezw\u0142ocznie, nie p\u00f3\u017aniej ni\u017c w terminie 14 dni od dnia otrzymania o\u015bwiadczenia o odst\u0105pieniu od umowy, drog\u0105 elektroniczn\u0105 przy u\u017cyciu takiego samego sposobu zap\u0142aty, jakiego u\u017cy\u0142 U\u017cytkownik do zakupu pozwolenia na \u0142owienia.<\/li>\n<li>Regulacje okre\u015blone w punkcie 7 i 8 dotycz\u0105 jedynie U\u017cytkownika b\u0119d\u0105cego konsumentem w rozumieniu 22<sup>1<\/sup>ustawy z dnia 23 kwietnia 1964 r. Kodeks cywilny oraz osoby fizycznej zawieraj\u0105cej umow\u0119 bezpo\u015brednio zwi\u0105zan\u0105 z jej dzia\u0142alno\u015bci\u0105 gospodarcz\u0105, gdy z tre\u015bci tej umowy wynika, \u017ce nie posiada ona dla tej osoby charakteru zawodowego, wynikaj\u0105cego w szczeg\u00f3lno\u015bci z przedmiotu wykonywanej przez ni\u0105 dzia\u0142alno\u015bci gospodarczej, udost\u0119pnionego na podstawie przepis\u00f3w o Centralnej Ewidencji i Informacji o Dzia\u0142alno\u015bci Gospodarczej, w my\u015bl art. 38a ustawy z dnia 30 maja 2014 r. o prawach konsumenta.<\/li>\n<li>Sprzedawca zastrzega sobie prawo ograniczenia liczby sprzedawanych bilet\u00f3w, w szczeg\u00f3lno\u015bci ze wzgl\u0119du na bezpiecze\u0144stwo os\u00f3b przebywaj\u0105cych na terenie \u0141owiska.<\/li>\n<li>Pozwolenia na \u0141owienia ryb zakupione w Kasie Pa\u0142ac w Dukli nie podlegaj\u0105 zwrotowi.<\/li>\n<li>W razie zaprzestania \u015bwiadczenia us\u0142ug przez \u0142owisko Pa\u0142ac w Dukli z przyczyn spoczywaj\u0105cych po stronie us\u0142ugodawcy, pozwolenia zakupione przez U\u017cytkownika, a kt\u00f3re nie zosta\u0142y zrealizowane z przyczyn spoczywaj\u0105cych po stronie us\u0142ugodawcy, b\u0119d\u0105 podlega\u0142y zwrotowi w spos\u00f3b i w czasie okre\u015blonym przez us\u0142ugodawc\u0119 podany na stronie internetowej:\u00a0 Je\u017celi po zakupie bilet\u00f3w wst\u0119pu oka\u017ce si\u0119, \u017ce m.in. ze wzgl\u0119du na bezpiecze\u0144stwo os\u00f3b korzystaj\u0105cych z \u0142owisko Pa\u0142ac w Dukli wprowadzony zostanie przez ratownik\u00f3w zakaz \u0142owienia ze wzgl\u0119du na warunki atmosferyczne lub inne czynniki zewn\u0119trzne, U\u017cytkownik nie jest uprawniony do \u017c\u0105dania zwrotu ceny za zakupione pozwolenia.<\/li>\n<\/ol>\n<p style=\"font-weight: 400;\"><strong>III. Reklamacja<\/strong><\/p>\n<ol>\n<li>Wszelkie nieprawid\u0142owo\u015bci i reklamacje zwi\u0105zane z zakupem pozwolenia za po\u015brednictwem Systemu powinny by\u0107 zg\u0142aszane Sprzedawcy na adres e-mail:\u00a0<a href=\"mailto:duklapalace@gmail.com\">duklapalace@gmail.com<\/a><\/li>\n<li>W zg\u0142oszeniu reklamacyjnym powinna zosta\u0107 wskazana przyczyna. W zg\u0142oszeniu reklamacyjnym nale\u017cy poda\u0107 imi\u0119 i nazwisko, adres e-mail, numer telefonu, numer transakcji oraz zakupiony pozwolenia (otrzymany na adres e-mail).<\/li>\n<li>Rozpoznanie reklamacji oraz terminy jej rozpoznania okre\u015blaj\u0105 przepisy prawa, a w szczeg\u00f3lno\u015bci Kodeks cywilny oraz ustawa z dnia 30 maja 2014 r. o prawach konsumenta. Sprzedawca rozpozna reklamacj\u0119 niezw\u0142ocznie, nie p\u00f3\u017aniej jednak ni\u017c w terminie 30 dni. Odpowied\u017a na reklamacj\u0119 zostanie udzielona w formie pisemnej, o wydaniu kt\u00f3rej U\u017cytkownik zostanie poinformowany drog\u0105 mailow\u0105 lub telefoniczn\u0105.<\/li>\n<li>Sprzedawca nie ponosi odpowiedzialno\u015bci za nieprawid\u0142owo\u015bci zwi\u0105zane z p\u0142atno\u015bciami elektronicznymi w Systemie obs\u0142ugiwanym przez Blue Media S.A. z siedzib\u0105 w Sopocie oraz w Platformie obs\u0142ugiwanej przez Base System Sp\u00f3\u0142ka z ograniczon\u0105 odpowiedzialno\u015bci\u0105 Sp\u00f3\u0142ka komandytowa z siedzib\u0105 w Woli Filipowskiej.<\/li>\n<\/ol>\n<p><strong>IV. Ochrona danych osobowych<\/strong><\/p>\n<ol>\n<li>Administratorem danych osobowych U\u017cytkownik\u00f3w jest Micha\u0142 Tarnowski M\u0119ci\u0144ski wsp\u00f3\u0142w\u0142a\u015bciciel Pa\u0142ac w Dukli Trakt W\u0119gierski 5, 38-450 Dukla. <a href=\"mailto:duklapalace@gmail.com\">duklapalace@gmail.com<\/a><\/li>\n<li>W sprawach zwi\u0105zanych z danymi U\u017cytkownika nale\u017cy kontaktowa\u0107 si\u0119 z bezpo\u015brednio z Administratorem b\u0105d\u017a pracownikiem upowa\u017cnionym do przetwarzania danych osobowych.<\/li>\n<li>Dane b\u0119d\u0105 przetwarzane w celu realizacji transakcji handlowych pomi\u0119dzy Sprzedawc\u0105, a U\u017cytkownikiem, na podstawie wyra\u017conej przez U\u017cytkownika zgody na przetwarzanie danych osobowych, tj. w oparciu o art. 6 ust. 1 lit. a) oraz lit. b) Rozporz\u0105dzenia Parlamentu Europejskiego i Rady (UE) 2016\/679 z dnia 27 kwietnia 2016 r. w sprawie ochrony os\u00f3b fizycznych w zwi\u0105zku z przetwarzaniem danych osobowych i w sprawie swobodnego przep\u0142ywu takich danych oraz uchylenia dyrektywy 95\/46\/WE (og\u00f3lne rozporz\u0105dzenie o ochronie danych).<\/li>\n<li>Przekazanie przez U\u017cytkownika danych osobowych jest dobrowolne, ale konieczne do realizacji zamierzonego celu i wsp\u00f3\u0142pracy z Administratorem, w tym zawarcia i wykonania umowy. Brak podania danych mo\u017ce skutkowa\u0107 odmow\u0105 zawarcia umowy lub brakiem realizacji umowy.<\/li>\n<li>Dane osobowe U\u017cytkownika mog\u0105 zosta\u0107 udost\u0119pnione innym odbiorcom. Administrator wskazuje nast\u0119puj\u0105ce kategorie odbiorc\u00f3w danych osobowych: podmioty prowadz\u0105ce systemy p\u0142atno\u015bci elektronicznej, podmioty \u015bwiadcz\u0105ce us\u0142ugi na terenie Pla\u017cy, podmioty \u015bwiadcz\u0105ce obs\u0142ug\u0119 prawn\u0105, us\u0142ugi Dane udost\u0119pniane b\u0119d\u0105 w oparciu o zawarte z tymi podmiotami umowy powierzenia przetwarzania danych osobowych.<\/li>\n<li>Dane b\u0119d\u0105 przechowywane przez okres zwi\u0105zany z realizacj\u0105 uprawnie\u0144 wynikaj\u0105cych z czynno\u015bci prawnej w tym tak\u017ce realizacj\u0105 obowi\u0105zk\u00f3w podatkowych i ksi\u0119gowych, jednak\u017ce nie d\u0142u\u017cej ni\u017c jest to niezb\u0119dne dla osi\u0105gni\u0119cia celu, dla kt\u00f3rego dane s\u0105 przetwarzane. Dane zb\u0119dne b\u0119d\u0105 systematycznie usuwane w spos\u00f3b uniemo\u017cliwiaj\u0105cy ich dalsze wykorzystanie.<\/li>\n<li>Dane osobowe U\u017cytkownik\u00f3w nie podlegaj\u0105 zautomatyzowanemu podejmowaniu decyzji, w tym profilowaniu.<\/li>\n<li>U\u017cytkownikowi przys\u0142uguje prawo dost\u0119pu do tre\u015bci swoich danych i ich sprostowania, usuni\u0119cia, ograniczenia przetwarzania, lub prawo do wniesienia sprzeciwu wobec przetwarzania, prawo do przenoszenia danych, a tak\u017ce prawo do cofni\u0119cia zgody w dowolnym momencie bez wp\u0142ywu na zgodno\u015b\u0107 z prawem przetwarzania, kt\u00f3rego dokonano na podstawie zgody przed jej cofni\u0119ciem. Skorzystanie z prawa cofni\u0119cia zgody nie ma wp\u0142ywu na przetwarzanie, kt\u00f3re mia\u0142o miejsce do momentu wycofania zgody.<\/li>\n<li>U\u017cytkownikowi przys\u0142uguje prawo wniesienia skargi do organu nadzorczego tj. Prezesa Urz\u0119du Ochrony Danych Osobowych w razie stwierdzenia nieprawid\u0142owo\u015bci w zakresie przetwarzania i ochrony danych osobowych.<\/li>\n<li>Dane osobowe U\u017cytkownika nie b\u0119d\u0105 przekazywane do pa\u0144stwa trzeciego lub organizacji mi\u0119dzynarodowych.<\/li>\n<li>Stosownie do art. 15 ust. 1 Rozporz\u0105dzenia (UE) 2016\/679 U\u017cytkownik jest uprawniony do uzyskania od administratora potwierdzenia, czy przetwarzane s\u0105 dane osobowe U\u017cytkownika dotycz\u0105ce, a je\u017celi ma to miejsce, do uzyskania dost\u0119pu do Stosownie do art. 15 ust. 3 Rozporz\u0105dzenia (UE) 2016\/679 za wszelkie kolejne kopie danych osobowych administrator mo\u017ce pobra\u0107 op\u0142at\u0119 w wysoko\u015bci wynikaj\u0105cej z koszt\u00f3w administracyjnych. Je\u017celi osoba, kt\u00f3rej dane dotycz\u0105, zwraca si\u0119 o kopi\u0119 drog\u0105 elektroniczn\u0105 i je\u017celi nie zaznaczy inaczej, informacji udziela si\u0119 powszechnie stosowan\u0105 drog\u0105 elektroniczn\u0105.<\/li>\n<\/ol>\n<p><strong>V. Postanowienia ko\u0144cowe<\/strong><\/p>\n<ol>\n<li>Niniejszy regulamin pozostaje w zgodzie z przepisami prawa, a w szczeg\u00f3lno\u015bci Kodeksem cywilnym, ustaw\u0105 z dnia 30 maja 2014 r. o prawach konsumenta oraz ustaw\u0105 z dnia 18 lipca 2002 r. o \u015bwiadczeniu us\u0142ug drog\u0105 elektroniczn\u0105. W zakresie nieuregulowanym niniejszym Regulaminem, stosuje si\u0119 odpowiednie przepisy prawa.<\/li>\n<li>Regulamin w niniejszym brzmieniu obowi\u0105zuje bezterminowo. O wszelkich zmianach w tre\u015bci Regulaminu Sprzedawca informowa\u0142 b\u0119dzie w spos\u00f3b bie\u017c\u0105cy na stronie Internetowej\u00a0<a href=\"https:\/\/www.duklapalac.pl\/lowisko\/\">https:\/\/www.duklapalac.pl\/lowisko\/<\/a><\/li>\n<li>Wszelkie spory wynik\u0142e na gruncie zastosowania niniejszego Regulaminu rozstrzygane b\u0119d\u0105 przez s\u0105d miejscowo wed\u0142ug przepis\u00f3w prawa.<\/li>\n<li>Je\u017celi jeden lub wi\u0119cej zapis\u00f3w niniejszego Regulaminu oka\u017ce si\u0119 bezskuteczny lub niewa\u017cny, nie rzutuje to na wa\u017cno\u015b\u0107 ca\u0142ego Regulaminu. W takiej sytuacji Sprzedawca zobowi\u0105zuje si\u0119 do niezw\u0142ocznego usuni\u0119cia stwierdzonych uchybie\u0144. Do czasu sanowania stwierdzonych nieprawid\u0142owo\u015bci, w ich miejsce stosuje si\u0119 odpowiednie przepisy prawa.<\/li>\n<\/ol>\n\n","protected":false},"excerpt":{"rendered":"","protected":false},"author":1,"featured_media":0,"parent":0,"menu_order":0,"comment_status":"closed","ping_status":"closed","template":"","meta":{"footnotes":""},"class_list":["post-422","page","type-page","status-publish","hentry"],"jetpack_sharing_enabled":true,"_links":{"self":[{"href":"https:\/\/www.duklapalac.pl\/lowisko\/wp-json\/wp\/v2\/pages\/422","targetHints":{"allow":["GET"]}}],"collection":[{"href":"https:\/\/www.duklapalac.pl\/lowisko\/wp-json\/wp\/v2\/pages"}],"about":[{"href":"https:\/\/www.duklapalac.pl\/lowisko\/wp-json\/wp\/v2\/types\/page"}],"author":[{"embeddable":true,"href":"https:\/\/www.duklapalac.pl\/lowisko\/wp-json\/wp\/v2\/users\/1"}],"replies":[{"embeddable":true,"href":"https:\/\/www.duklapalac.pl\/lowisko\/wp-json\/wp\/v2\/comments?post=422"}],"version-history":[{"count":6,"href":"https:\/\/www.duklapalac.pl\/lowisko\/wp-json\/wp\/v2\/pages\/422\/revisions"}],"predecessor-version":[{"id":498,"href":"https:\/\/www.duklapalac.pl\/lowisko\/wp-json\/wp\/v2\/pages\/422\/revisions\/498"}],"wp:attachment":[{"href":"https:\/\/www.duklapalac.pl\/lowisko\/wp-json\/wp\/v2\/media?parent=422"}],"curies":[{"name":"wp","href":"https:\/\/api.w.org\/{rel}","templated":true}]}}