{"id":368,"date":"2024-02-19T15:22:41","date_gmt":"2024-02-19T15:22:41","guid":{"rendered":"https:\/\/www.duklapalac.pl\/lowisko\/?post_type=product&#038;p=368"},"modified":"2025-08-15T17:38:33","modified_gmt":"2025-08-15T15:38:33","slug":"pozwolenie-dla-doroslych-i-osob-powyzej-14-lat","status":"publish","type":"product","link":"https:\/\/www.duklapalac.pl\/lowisko\/product\/pozwolenie-dla-doroslych-i-osob-powyzej-14-lat\/","title":{"rendered":"Pozwolenie dla 1 osoby powy\u017cej 14 lat na w\u0119dkowanie w 2. i 3. stawie"},"content":{"rendered":"<p><strong>Dla doros\u0142ych i dzieci powy\u017cej 14 roku \u017cycia<\/strong><\/p>\n<p><strong>Jednodniowe pozwolenie na w\u0119dkowanie w 2. i 3. stawie. <\/strong><\/p>\n<p><strong>Bilet jest wa\u017cny wy\u0142\u0105cznie w dniu zakupu.\u00a0<\/strong><\/p>\n","protected":false},"excerpt":{"rendered":"<p>Pozwolenie na jeden dzie\u0144 &#8211; <strong>Pozwolenie wa\u017cne w dniu zakupu biletu\u00a0<\/strong><\/p>\n","protected":false},"featured_media":333,"template":"","meta":[],"product_brand":[],"product_cat":[15],"product_tag":[],"class_list":{"0":"post-368","1":"product","2":"type-product","3":"status-publish","4":"has-post-thumbnail","6":"product_cat-bilety","8":"first","9":"instock","10":"virtual","11":"purchasable","12":"product-type-simple"},"jetpack_sharing_enabled":true,"_links":{"self":[{"href":"https:\/\/www.duklapalac.pl\/lowisko\/wp-json\/wp\/v2\/product\/368","targetHints":{"allow":["GET"]}}],"collection":[{"href":"https:\/\/www.duklapalac.pl\/lowisko\/wp-json\/wp\/v2\/product"}],"about":[{"href":"https:\/\/www.duklapalac.pl\/lowisko\/wp-json\/wp\/v2\/types\/product"}],"wp:featuredmedia":[{"embeddable":true,"href":"https:\/\/www.duklapalac.pl\/lowisko\/wp-json\/wp\/v2\/media\/333"}],"wp:attachment":[{"href":"https:\/\/www.duklapalac.pl\/lowisko\/wp-json\/wp\/v2\/media?parent=368"}],"wp:term":[{"taxonomy":"product_brand","embeddable":true,"href":"https:\/\/www.duklapalac.pl\/lowisko\/wp-json\/wp\/v2\/product_brand?post=368"},{"taxonomy":"product_cat","embeddable":true,"href":"https:\/\/www.duklapalac.pl\/lowisko\/wp-json\/wp\/v2\/product_cat?post=368"},{"taxonomy":"product_tag","embeddable":true,"href":"https:\/\/www.duklapalac.pl\/lowisko\/wp-json\/wp\/v2\/product_tag?post=368"}],"curies":[{"name":"wp","href":"https:\/\/api.w.org\/{rel}","templated":true}]}}