{"id":369,"date":"2024-02-19T15:23:58","date_gmt":"2024-02-19T15:23:58","guid":{"rendered":"https:\/\/www.duklapalac.pl\/lowisko\/?post_type=product&#038;p=369"},"modified":"2025-08-15T17:37:50","modified_gmt":"2025-08-15T15:37:50","slug":"pozwolenie-dla-dzieci-ponizej-14-roku-zycia","status":"publish","type":"product","link":"https:\/\/www.duklapalac.pl\/lowisko\/product\/pozwolenie-dla-dzieci-ponizej-14-roku-zycia\/","title":{"rendered":"Pozwolenie dla jednego dziecka do 14 roku \u017cycia na w\u0119dkowanie w 2. i 3. stawie"},"content":{"rendered":"<p>Jednodniowe pozwolenie na w\u0119dkowanie w w 2. i 3. stawie. Bilet jest wa\u017cny wy\u0142\u0105cznie w dniu zakupu.<\/p>\n<p><strong>Dzieci i m\u0142odzie\u017c (do 14 roku \u017cycia) mog\u0105 przebywa\u0107 na terenie \u0142owiska wy\u0142\u0105cznie pod opiek\u0105 os\u00f3b pe\u0142noletnich<\/strong><\/p>\n","protected":false},"excerpt":{"rendered":"<p>Pozwolenie na jeden dzie\u0144 &#8211; <strong>\u00a0Pozwolenie wa\u017cne w dniu zakupu.<\/strong><\/p>\n<p><strong>Dzieci i m\u0142odzie\u017c (do 14 roku \u017cycia) mog\u0105 przebywa\u0107 na terenie \u0142owiska wy\u0142\u0105cznie pod opiek\u0105 os\u00f3b pe\u0142noletnich.<\/strong><\/p>\n","protected":false},"featured_media":334,"template":"","meta":[],"product_brand":[],"product_cat":[15],"product_tag":[],"class_list":{"0":"post-369","1":"product","2":"type-product","3":"status-publish","4":"has-post-thumbnail","6":"product_cat-bilety","8":"first","9":"instock","10":"virtual","11":"purchasable","12":"product-type-simple"},"jetpack_sharing_enabled":true,"_links":{"self":[{"href":"https:\/\/www.duklapalac.pl\/lowisko\/wp-json\/wp\/v2\/product\/369","targetHints":{"allow":["GET"]}}],"collection":[{"href":"https:\/\/www.duklapalac.pl\/lowisko\/wp-json\/wp\/v2\/product"}],"about":[{"href":"https:\/\/www.duklapalac.pl\/lowisko\/wp-json\/wp\/v2\/types\/product"}],"wp:featuredmedia":[{"embeddable":true,"href":"https:\/\/www.duklapalac.pl\/lowisko\/wp-json\/wp\/v2\/media\/334"}],"wp:attachment":[{"href":"https:\/\/www.duklapalac.pl\/lowisko\/wp-json\/wp\/v2\/media?parent=369"}],"wp:term":[{"taxonomy":"product_brand","embeddable":true,"href":"https:\/\/www.duklapalac.pl\/lowisko\/wp-json\/wp\/v2\/product_brand?post=369"},{"taxonomy":"product_cat","embeddable":true,"href":"https:\/\/www.duklapalac.pl\/lowisko\/wp-json\/wp\/v2\/product_cat?post=369"},{"taxonomy":"product_tag","embeddable":true,"href":"https:\/\/www.duklapalac.pl\/lowisko\/wp-json\/wp\/v2\/product_tag?post=369"}],"curies":[{"name":"wp","href":"https:\/\/api.w.org\/{rel}","templated":true}]}}