{"id":551,"date":"2024-04-24T22:58:03","date_gmt":"2024-04-24T20:58:03","guid":{"rendered":"https:\/\/www.duklapalac.pl\/lowisko\/?post_type=product&#038;p=551"},"modified":"2025-08-15T17:20:29","modified_gmt":"2025-08-15T15:20:29","slug":"pozwolenie-dla-doroslych-i-osob-powyzej-14-lat-na-wedkowanie-w-wszystkich-trzech-stawach","status":"publish","type":"product","link":"https:\/\/www.duklapalac.pl\/lowisko\/product\/pozwolenie-dla-doroslych-i-osob-powyzej-14-lat-na-wedkowanie-w-wszystkich-trzech-stawach\/","title":{"rendered":"Pozwolenie dla 1 osoby powy\u017cej 14 lat na w\u0119dkowanie we wszystkich trzech stawach."},"content":{"rendered":"<p><strong>Dla doros\u0142ych i dzieci powy\u017cej 14 roku \u017cycia<\/strong><\/p>\n<p><strong>Jednodniowe pozwolenie na w\u0119dkowanie w wszystkich trzech stawach.<\/strong><\/p>\n<p><strong>Ka\u017cda osoba \u0142owi\u0105ca ryby musi wykupi\u0107 pozwolenie.<\/strong><\/p>\n<p><strong>Bilet jest wa\u017cny wy\u0142\u0105cznie w dniu zakupu.<\/strong><\/p>\n<p>&nbsp;<\/p>\n<p>&nbsp;<\/p>\n","protected":false},"excerpt":{"rendered":"<p><strong>Jednodniowe pozwolenie na w\u0119dkowanie w wszystkich trzech stawach.<\/strong><\/p>\n<p><strong>Pozwolenie wa\u017cne w dniu zakupu biletu\u00a0<\/strong><\/p>\n<p>Ka\u017cdy \u0142owi\u0105cy Karpie i Amury obowi\u0105zany jest posiada\u0107 mat\u0119 karpiow\u0105, <span class=\"s1\">\u015brodek do dezynfekcji ran,<\/span> worek do przechowywania ryb oraz podbierak o rozpi\u0119to\u015bci ramion minimum 80 cm.<\/p>\n","protected":false},"featured_media":547,"template":"","meta":[],"product_brand":[],"product_cat":[15],"product_tag":[],"class_list":{"0":"post-551","1":"product","2":"type-product","3":"status-publish","4":"has-post-thumbnail","6":"product_cat-bilety","8":"first","9":"instock","10":"sale","11":"virtual","12":"purchasable","13":"product-type-simple"},"jetpack_sharing_enabled":true,"_links":{"self":[{"href":"https:\/\/www.duklapalac.pl\/lowisko\/wp-json\/wp\/v2\/product\/551","targetHints":{"allow":["GET"]}}],"collection":[{"href":"https:\/\/www.duklapalac.pl\/lowisko\/wp-json\/wp\/v2\/product"}],"about":[{"href":"https:\/\/www.duklapalac.pl\/lowisko\/wp-json\/wp\/v2\/types\/product"}],"wp:featuredmedia":[{"embeddable":true,"href":"https:\/\/www.duklapalac.pl\/lowisko\/wp-json\/wp\/v2\/media\/547"}],"wp:attachment":[{"href":"https:\/\/www.duklapalac.pl\/lowisko\/wp-json\/wp\/v2\/media?parent=551"}],"wp:term":[{"taxonomy":"product_brand","embeddable":true,"href":"https:\/\/www.duklapalac.pl\/lowisko\/wp-json\/wp\/v2\/product_brand?post=551"},{"taxonomy":"product_cat","embeddable":true,"href":"https:\/\/www.duklapalac.pl\/lowisko\/wp-json\/wp\/v2\/product_cat?post=551"},{"taxonomy":"product_tag","embeddable":true,"href":"https:\/\/www.duklapalac.pl\/lowisko\/wp-json\/wp\/v2\/product_tag?post=551"}],"curies":[{"name":"wp","href":"https:\/\/api.w.org\/{rel}","templated":true}]}}